{"id":2228,"date":"2026-04-21T11:09:58","date_gmt":"2026-04-21T11:09:58","guid":{"rendered":"https:\/\/www.miekkalankaiverrus.fi\/?page_id=2228"},"modified":"2026-04-22T07:15:49","modified_gmt":"2026-04-22T07:15:49","slug":"kaiverretutlyhdyt","status":"publish","type":"page","link":"https:\/\/www.miekkalankaiverrus.fi\/index.php\/kaiverretutlyhdyt\/","title":{"rendered":"kaiverretutlyhdyt"},"content":{"rendered":"<p>[et_pb_section fb_built=&#8221;1&#8243; custom_padding_last_edited=&#8221;on|desktop&#8221; admin_label=&#8221;Header&#8221; _builder_version=&#8221;4.20.2&#8243; _module_preset=&#8221;default&#8221; background_enable_color=&#8221;off&#8221; background_image=&#8221;https:\/\/www.miekkalankaiverrus.fi\/wp-content\/uploads\/2023\/03\/tausta21-1.jpg&#8221; background_pattern_vertical_offset=&#8221;-64px&#8221; background_pattern_repeat=&#8221;repeat-x&#8221; custom_padding=&#8221;220px||0px||false|false&#8221; custom_padding_tablet=&#8221;||60px||false|false&#8221; custom_padding_phone=&#8221;184px||0px||false|false&#8221; collapsed=&#8221;on&#8221; global_colors_info=&#8221;{%22gcid-fa957022-7f68-4c63-9382-2437a00591d9%22:%91%22background_color%22%93}&#8221;][et_pb_row column_structure=&#8221;2_3,1_3&#8243; make_equal=&#8221;on&#8221; _builder_version=&#8221;4.27.6&#8243; _module_preset=&#8221;default&#8221; custom_margin=&#8221;-130px|auto|7px|auto||&#8221; custom_padding=&#8221;0px||53px||false|false&#8221; hover_enabled=&#8221;0&#8243; box_shadow_style=&#8221;preset4&#8243; box_shadow_horizontal=&#8221;1280px&#8221; box_shadow_vertical=&#8221;0px&#8221; box_shadow_spread=&#8221;400px&#8221; box_shadow_color=&#8221;gcid-68c6b9ad-55a2-4756-9f20-a801af585cf6&#8243; box_shadow_color_tablet=&#8221;RGBA(255,255,255,0)&#8221; box_shadow_color_phone=&#8221;RGBA(255,255,255,0)&#8221; box_shadow_color_last_edited=&#8221;on|tablet&#8221; global_colors_info=&#8221;{%22gcid-68c6b9ad-55a2-4756-9f20-a801af585cf6%22:%91%22box_shadow_color%22%93}&#8221; sticky_enabled=&#8221;0&#8243;][et_pb_column type=&#8221;2_3&#8243; _builder_version=&#8221;4.19.2&#8243; _module_preset=&#8221;default&#8221; custom_padding=&#8221;20px||100px||false|false&#8221; custom_padding_tablet=&#8221;0px||0px||false|false&#8221; custom_padding_phone=&#8221;||0px||false|false&#8221; custom_padding_last_edited=&#8221;on|desktop&#8221; global_colors_info=&#8221;{}&#8221;][et_pb_text _builder_version=&#8221;4.27.6&#8243; _module_preset=&#8221;76aaa71f-246d-45b1-ae77-bb724b5821ad&#8221; inline_fonts=&#8221;Annie Use Your Telescope,Glass Antiqua,Raleway&#8221; global_colors_info=&#8221;{}&#8221;]<\/p>\n<h1><span style=\"font-family: Raleway; font-weight: normal; font-size: xx-large;\">Kaiverretut lyhdyt<\/span><\/h1>\n<p>[\/et_pb_text][et_pb_text _builder_version=&#8221;4.27.6&#8243; _module_preset=&#8221;default&#8221; inline_fonts=&#8221;Glass Antiqua&#8221; global_colors_info=&#8221;{}&#8221;]<\/p>\n<h1><span style=\"font-family: 'Glass Antiqua'; font-weight: normal; font-size: medium;\">Lyhtyihin on mahdollista kaivertaa k\u00e4sin. Minulta l\u00f6ytyy yleens\u00e4 muutamaa eri kokoista lyhty\u00e4 sek\u00e4 mustana ett\u00e4 valkoisena. Hinta riippuu kaiverruksen m\u00e4\u00e4r\u00e4st\u00e4 ja lyhdyn koosta. Lyhtyjen lasi on kuitenkin sen verran kovaa ja ty\u00f6l\u00e4st\u00e4 k\u00e4sin kaivertaa ett\u00e4 hinnat alk. 60e. Kaiverrusj\u00e4lki on aina vaalea.<\/span><\/h1>\n<p>[\/et_pb_text][\/et_pb_column][et_pb_column type=&#8221;1_3&#8243; _builder_version=&#8221;4.27.6&#8243; _module_preset=&#8221;default&#8221; background_image=&#8221;https:\/\/www.miekkalankaiverrus.fi\/wp-content\/uploads\/2026\/04\/1776838591666-677&#215;1024.png&#8221; background_repeat=&#8221;repeat-x&#8221; hover_enabled=&#8221;0&#8243; border_width_all=&#8221;4px&#8221; border_color_all=&#8221;#FFFFFF&#8221; global_colors_info=&#8221;{}&#8221; title_text=&#8221;Lyhdyn kaiverrus&#8221; sticky_enabled=&#8221;0&#8243;][et_pb_divider show_divider=&#8221;off&#8221; _builder_version=&#8221;4.20.2&#8243; _module_preset=&#8221;default&#8221; height_tablet=&#8221;40vw&#8221; height_phone=&#8221;100vw&#8221; height_last_edited=&#8221;on|desktop&#8221; max_height=&#8221;641px&#8221; global_colors_info=&#8221;{}&#8221;][\/et_pb_divider][\/et_pb_column][\/et_pb_row][\/et_pb_section][et_pb_section fb_built=&#8221;1&#8243; admin_label=&#8221;Gallery&#8221; _builder_version=&#8221;4.20.2&#8243; _module_preset=&#8221;default&#8221; background_color=&#8221;#b79e87&#8243; min_height=&#8221;496.1px&#8221; custom_margin=&#8221;8px||-53px|||&#8221; custom_padding=&#8221;3px||5px|||&#8221; collapsed=&#8221;on&#8221; global_colors_info=&#8221;{%22gcid-fa957022-7f68-4c63-9382-2437a00591d9%22:%91%22background_color%22%93}&#8221;][et_pb_row column_structure=&#8221;1_3,1_3,1_3&#8243; _builder_version=&#8221;4.19.2&#8243; _module_preset=&#8221;default&#8221; global_colors_info=&#8221;{}&#8221;][et_pb_column type=&#8221;1_3&#8243; _builder_version=&#8221;4.19.2&#8243; _module_preset=&#8221;default&#8221; global_colors_info=&#8221;{}&#8221;][et_pb_image src=&#8221;https:\/\/www.miekkalankaiverrus.fi\/wp-content\/uploads\/2026\/04\/image-48-714&#215;1024.jpg&#8221; title_text=&#8221;Kaiverrettu lyhty&#8221; _builder_version=&#8221;4.27.6&#8243; _module_preset=&#8221;default&#8221; border_width_all=&#8221;3px&#8221; border_color_all=&#8221;#FFFFFF&#8221; global_colors_info=&#8221;{}&#8221;][\/et_pb_image][\/et_pb_column][et_pb_column type=&#8221;1_3&#8243; _builder_version=&#8221;4.19.2&#8243; _module_preset=&#8221;default&#8221; global_colors_info=&#8221;{}&#8221;][et_pb_image src=&#8221;https:\/\/www.miekkalankaiverrus.fi\/wp-content\/uploads\/2026\/04\/image-49-772&#215;1024.jpg&#8221; title_text=&#8221;Kaiverrettu lyhty&#8221; _builder_version=&#8221;4.27.6&#8243; _module_preset=&#8221;default&#8221; border_width_all=&#8221;3px&#8221; border_color_all=&#8221;#FFFFFF&#8221; locked=&#8221;off&#8221; global_colors_info=&#8221;{}&#8221;][\/et_pb_image][\/et_pb_column][et_pb_column type=&#8221;1_3&#8243; _builder_version=&#8221;4.19.2&#8243; _module_preset=&#8221;default&#8221; global_colors_info=&#8221;{}&#8221;][et_pb_image src=&#8221;https:\/\/www.miekkalankaiverrus.fi\/wp-content\/uploads\/2026\/04\/image-54-1024&#215;632.jpg&#8221; title_text=&#8221;K\u00e4sinkaiverretut lyhdyt&#8221; _builder_version=&#8221;4.27.6&#8243; _module_preset=&#8221;default&#8221; border_width_all=&#8221;3px&#8221; border_color_all=&#8221;#FFFFFF&#8221; locked=&#8221;off&#8221; global_colors_info=&#8221;{}&#8221;][\/et_pb_image][\/et_pb_column][\/et_pb_row][\/et_pb_section][et_pb_section fb_built=&#8221;1&#8243; _builder_version=&#8221;4.20.2&#8243; _module_preset=&#8221;default&#8221; background_image=&#8221;https:\/\/www.miekkalankaiverrus.fi\/wp-content\/uploads\/2023\/03\/tausta21-1.jpg&#8221; width=&#8221;100%&#8221; module_alignment=&#8221;center&#8221; min_height=&#8221;733.9px&#8221; custom_margin=&#8221;75px||7px|||&#8221; custom_padding=&#8221;0px||0px|||&#8221; module_alignment_tablet=&#8221;center&#8221; module_alignment_phone=&#8221;center&#8221; module_alignment_last_edited=&#8221;on|phone&#8221; border_width_all=&#8221;4px&#8221; border_color_all=&#8221;#E09900&#8243; global_colors_info=&#8221;{}&#8221;][et_pb_row _builder_version=&#8221;4.20.2&#8243; _module_preset=&#8221;default&#8221; custom_margin=&#8221;17px|auto|-78px|auto||&#8221; hover_enabled=&#8221;0&#8243; global_colors_info=&#8221;{}&#8221; sticky_enabled=&#8221;0&#8243;][et_pb_column type=&#8221;4_4&#8243; _builder_version=&#8221;4.20.2&#8243; _module_preset=&#8221;default&#8221; global_colors_info=&#8221;{}&#8221;][et_pb_gallery gallery_ids=&#8221;2314,2047,2045,2046,2048,2313&#8243; fullwidth=&#8221;on&#8221; _builder_version=&#8221;4.27.6&#8243; _module_preset=&#8221;default&#8221; pagination_font=&#8221;||||||||&#8221; pagination_font_size=&#8221;10px&#8221; width=&#8221;60%&#8221; width_tablet=&#8221;60%&#8221; width_phone=&#8221;100%&#8221; width_last_edited=&#8221;on|phone&#8221; module_alignment=&#8221;center&#8221; max_height=&#8221;1001px&#8221; hover_enabled=&#8221;0&#8243; border_width_all=&#8221;4px&#8221; border_color_all=&#8221;#FFFFFF&#8221; global_colors_info=&#8221;{}&#8221; sticky_enabled=&#8221;0&#8243;][\/et_pb_gallery][\/et_pb_column][\/et_pb_row][\/et_pb_section][et_pb_section fb_built=&#8221;1&#8243; admin_label=&#8221;Call to Action&#8221; _builder_version=&#8221;4.19.2&#8243; _module_preset=&#8221;default&#8221; custom_padding=&#8221;15px||0vw||false|false&#8221; saved_tabs=&#8221;all&#8221; collapsed=&#8221;on&#8221; global_colors_info=&#8221;{}&#8221;][et_pb_row column_structure=&#8221;2_5,3_5&#8243; make_equal=&#8221;on&#8221; _builder_version=&#8221;4.19.2&#8243; _module_preset=&#8221;default&#8221; background_color=&#8221;gcid-fa957022-7f68-4c63-9382-2437a00591d9&#8243; custom_margin=&#8221;|auto|8px|auto||&#8221; custom_padding=&#8221;0px||0px||true|false&#8221; box_shadow_style=&#8221;preset4&#8243; box_shadow_horizontal=&#8221;30vw&#8221; box_shadow_vertical=&#8221;0px&#8221; box_shadow_color=&#8221;gcid-fa957022-7f68-4c63-9382-2437a00591d9&#8243; box_shadow_color_tablet=&#8221;RGBA(255,255,255,0)&#8221; box_shadow_color_phone=&#8221;&#8221; box_shadow_color_last_edited=&#8221;on|tablet&#8221; global_colors_info=&#8221;{%22gcid-fa957022-7f68-4c63-9382-2437a00591d9%22:%91%22background_color%22,%22box_shadow_color%22%93}&#8221;][et_pb_column type=&#8221;2_5&#8243; _builder_version=&#8221;4.19.2&#8243; _module_preset=&#8221;default&#8221; use_background_color_gradient=&#8221;on&#8221; background_color_gradient_direction=&#8221;90deg&#8221; background_color_gradient_stops=&#8221;#ffffff 70%|gcid-fa957022-7f68-4c63-9382-2437a00591d9 70%&#8221; global_colors_info=&#8221;{%22gcid-fa957022-7f68-4c63-9382-2437a00591d9%22:%91%22background_color_gradient_stops%22%93}&#8221;][et_pb_image src=&#8221;https:\/\/www.miekkalankaiverrus.fi\/wp-content\/uploads\/2026\/04\/image-52-692&#215;1024.jpg&#8221; title_text=&#8221;K\u00e4sinkaiverrettu lyhty&#8221; _builder_version=&#8221;4.27.6&#8243; _module_preset=&#8221;default&#8221; global_colors_info=&#8221;{}&#8221;][\/et_pb_image][\/et_pb_column][et_pb_column type=&#8221;3_5&#8243; _builder_version=&#8221;4.19.2&#8243; _module_preset=&#8221;default&#8221; custom_padding=&#8221;4vw|||8vw|false|false&#8221; custom_padding_tablet=&#8221;0vw|30px|30px|30px|false|true&#8221; custom_padding_phone=&#8221;|20px|20px|20px|false|true&#8221; custom_padding_last_edited=&#8221;on|desktop&#8221; global_colors_info=&#8221;{}&#8221;][et_pb_text _builder_version=&#8221;4.27.6&#8243; _module_preset=&#8221;default&#8221; custom_padding=&#8221;12px|||||&#8221; inline_fonts=&#8221;Raleway&#8221; global_colors_info=&#8221;{}&#8221;]<\/p>\n<h1><span style=\"font-size: x-large; font-family: Raleway; font-weight: normal;\">Miten tilaan\/ Minulla on kysytt\u00e4v\u00e4\u00e4<\/span><\/h1>\n<p>[\/et_pb_text][et_pb_text _builder_version=&#8221;4.27.6&#8243; _module_preset=&#8221;38cc830a-c833-4e23-a2f5-be8a0961c39a&#8221; custom_padding=&#8221;8px||0px|||&#8221; inline_fonts=&#8221;Glass Antiqua&#8221; global_colors_info=&#8221;{}&#8221;]<\/p>\n<h4><span style=\"font-family: 'Glass Antiqua'; font-weight: normal; font-size: medium;\">Laita minulle viesti\u00e4. Voit laittaa viesti\u00e4 messengerill\u00e4 tai s\u00e4hk\u00f6postilla.<\/span><br \/><span style=\"font-family: 'Glass Antiqua'; font-weight: normal; font-size: medium;\"><a href=\"mailto:susanna.miekkala@gmail.com\"><span style=\"color: #e09900;\">susanna.miekkala@gmail.com<\/span><\/a> <\/span><\/h4>\n<h4><a href=\"https:\/\/miekkalankaiverrus.sumupstore.com\/\" target=\"_blank\" rel=\"noopener\"><span style=\"font-family: 'Glass Antiqua'; font-size: large; color: #e09900;\"><\/span><\/a><\/h4>\n<p>[\/et_pb_text][\/et_pb_column][\/et_pb_row][\/et_pb_section]<\/p>\n","protected":false},"excerpt":{"rendered":"<p>Kaiverretut lyhdytLyhtyihin on mahdollista kaivertaa k\u00e4sin. Minulta l\u00f6ytyy yleens\u00e4 muutamaa eri kokoista lyhty\u00e4 sek\u00e4 mustana ett\u00e4 valkoisena. Hinta riippuu kaiverruksen m\u00e4\u00e4r\u00e4st\u00e4 ja lyhdyn koosta. Lyhtyjen lasi on kuitenkin sen verran kovaa ja ty\u00f6l\u00e4st\u00e4 k\u00e4sin kaivertaa ett\u00e4 hinnat alk. 60e. Kaiverrusj\u00e4lki on aina vaalea.Miten tilaan\/ Minulla on kysytt\u00e4v\u00e4\u00e4Laita minulle viesti\u00e4. Voit laittaa viesti\u00e4 messengerill\u00e4 tai s\u00e4hk\u00f6postilla.susanna.miekkala@gmail.com<\/p>\n","protected":false},"author":1,"featured_media":0,"parent":0,"menu_order":0,"comment_status":"closed","ping_status":"closed","template":"","meta":{"_et_pb_use_builder":"on","_et_pb_old_content":"","_et_gb_content_width":"","footnotes":""},"class_list":["post-2228","page","type-page","status-publish","hentry"],"_links":{"self":[{"href":"https:\/\/www.miekkalankaiverrus.fi\/index.php\/wp-json\/wp\/v2\/pages\/2228","targetHints":{"allow":["GET"]}}],"collection":[{"href":"https:\/\/www.miekkalankaiverrus.fi\/index.php\/wp-json\/wp\/v2\/pages"}],"about":[{"href":"https:\/\/www.miekkalankaiverrus.fi\/index.php\/wp-json\/wp\/v2\/types\/page"}],"author":[{"embeddable":true,"href":"https:\/\/www.miekkalankaiverrus.fi\/index.php\/wp-json\/wp\/v2\/users\/1"}],"replies":[{"embeddable":true,"href":"https:\/\/www.miekkalankaiverrus.fi\/index.php\/wp-json\/wp\/v2\/comments?post=2228"}],"version-history":[{"count":7,"href":"https:\/\/www.miekkalankaiverrus.fi\/index.php\/wp-json\/wp\/v2\/pages\/2228\/revisions"}],"predecessor-version":[{"id":2317,"href":"https:\/\/www.miekkalankaiverrus.fi\/index.php\/wp-json\/wp\/v2\/pages\/2228\/revisions\/2317"}],"wp:attachment":[{"href":"https:\/\/www.miekkalankaiverrus.fi\/index.php\/wp-json\/wp\/v2\/media?parent=2228"}],"curies":[{"name":"wp","href":"https:\/\/api.w.org\/{rel}","templated":true}]}}