{"id":493,"date":"2023-04-12T07:38:14","date_gmt":"2023-04-12T07:38:14","guid":{"rendered":"https:\/\/www.miekkalankaiverrus.fi\/?page_id=493"},"modified":"2026-04-25T11:51:38","modified_gmt":"2026-04-25T11:51:38","slug":"joulu","status":"publish","type":"page","link":"https:\/\/www.miekkalankaiverrus.fi\/index.php\/joulu\/","title":{"rendered":"Joulu"},"content":{"rendered":"<p>[et_pb_section fb_built=&#8221;1&#8243; custom_padding_last_edited=&#8221;on|desktop&#8221; admin_label=&#8221;Header&#8221; _builder_version=&#8221;4.20.2&#8243; _module_preset=&#8221;default&#8221; background_enable_color=&#8221;off&#8221; background_image=&#8221;https:\/\/www.miekkalankaiverrus.fi\/wp-content\/uploads\/2023\/03\/tausta21-1.jpg&#8221; background_pattern_vertical_offset=&#8221;-64px&#8221; background_pattern_repeat=&#8221;repeat-x&#8221; custom_padding=&#8221;35px||0px||false|false&#8221; custom_padding_tablet=&#8221;||60px||false|false&#8221; custom_padding_phone=&#8221;||30px||false|false&#8221; collapsed=&#8221;on&#8221; global_colors_info=&#8221;{%22gcid-fa957022-7f68-4c63-9382-2437a00591d9%22:%91%22background_color%22%93}&#8221;][et_pb_row column_structure=&#8221;2_3,1_3&#8243; make_equal=&#8221;on&#8221; _builder_version=&#8221;4.20.2&#8243; _module_preset=&#8221;default&#8221; custom_margin=&#8221;|auto|7px|auto||&#8221; custom_padding=&#8221;0px||0px||false|false&#8221; box_shadow_style=&#8221;preset4&#8243; box_shadow_horizontal=&#8221;1280px&#8221; box_shadow_vertical=&#8221;0px&#8221; box_shadow_spread=&#8221;400px&#8221; box_shadow_color=&#8221;gcid-68c6b9ad-55a2-4756-9f20-a801af585cf6&#8243; box_shadow_color_tablet=&#8221;RGBA(255,255,255,0)&#8221; box_shadow_color_phone=&#8221;RGBA(255,255,255,0)&#8221; box_shadow_color_last_edited=&#8221;on|tablet&#8221; global_colors_info=&#8221;{%22gcid-68c6b9ad-55a2-4756-9f20-a801af585cf6%22:%91%22box_shadow_color%22%93}&#8221;][et_pb_column type=&#8221;2_3&#8243; _builder_version=&#8221;4.19.2&#8243; _module_preset=&#8221;default&#8221; custom_padding=&#8221;20px||100px||false|false&#8221; custom_padding_tablet=&#8221;0px||0px||false|false&#8221; custom_padding_phone=&#8221;||0px||false|false&#8221; custom_padding_last_edited=&#8221;on|desktop&#8221; global_colors_info=&#8221;{}&#8221;][et_pb_text _builder_version=&#8221;4.27.6&#8243; _module_preset=&#8221;eaf59b8f-2e7c-4029-af32-eaea41a0c679&#8243; text_font=&#8221;Sevillana||||||||&#8221; min_height=&#8221;65.7px&#8221; custom_margin=&#8221;||-1px|||&#8221; custom_padding=&#8221;0px||0px|||&#8221; hover_enabled=&#8221;0&#8243; inline_fonts=&#8221;Sevillana,Rouge Script,Love Ya Like A Sister,Raleway&#8221; global_colors_info=&#8221;{}&#8221; sticky_enabled=&#8221;0&#8243;]<\/p>\n<h2><span style=\"font-family: Raleway; font-weight: normal; font-size: xx-large;\">P\u00e4ivin ja Suskin k\u00e4sity\u00f6t<\/span><\/h2>\n<p>&nbsp;<\/p>\n<p>[\/et_pb_text][et_pb_text _builder_version=&#8221;4.27.6&#8243; _module_preset=&#8221;76aaa71f-246d-45b1-ae77-bb724b5821ad&#8221; text_font_size=&#8221;8px&#8221; custom_margin=&#8221;||29px||false|false&#8221; inline_fonts=&#8221;Glass Antiqua&#8221; global_colors_info=&#8221;{}&#8221;]<\/p>\n<h1><span style=\"font-family: 'Glass Antiqua'; font-size: large;\">Kaksin markkinoilla on mukavampaa, joten jo kymmenen vuoden ajan olen \u00e4itini P\u00e4ivi Saarisen kanssa l\u00e4htenyt muutamille joulumarkkinoille myym\u00e4\u00e4n k\u00e4sit\u00f6it\u00e4. Yleens\u00e4 olemme l\u00e4hialueen tutuilla, tunnelmallisilla markkinoilla mutta silloin t\u00e4ll\u00f6in l\u00e4hdemme kauemmaskin kalaan.\u00a0<\/span><\/h1>\n<p>[\/et_pb_text][\/et_pb_column][et_pb_column type=&#8221;1_3&#8243; _builder_version=&#8221;4.20.2&#8243; _module_preset=&#8221;default&#8221; background_image=&#8221;https:\/\/www.miekkalankaiverrus.fi\/wp-content\/uploads\/2023\/04\/IMG_20221124_214444.jpg&#8221; background_repeat=&#8221;repeat-x&#8221; border_width_all=&#8221;4px&#8221; border_color_all=&#8221;#FFFFFF&#8221; global_colors_info=&#8221;{}&#8221;][et_pb_divider show_divider=&#8221;off&#8221; _builder_version=&#8221;4.20.2&#8243; _module_preset=&#8221;default&#8221; height_tablet=&#8221;40vw&#8221; height_phone=&#8221;100vw&#8221; height_last_edited=&#8221;on|desktop&#8221; max_height=&#8221;641px&#8221; global_colors_info=&#8221;{}&#8221;][\/et_pb_divider][\/et_pb_column][\/et_pb_row][\/et_pb_section][et_pb_section fb_built=&#8221;1&#8243; custom_padding_last_edited=&#8221;on|desktop&#8221; admin_label=&#8221;Header&#8221; _builder_version=&#8221;4.20.2&#8243; _module_preset=&#8221;default&#8221; background_enable_color=&#8221;off&#8221; background_image=&#8221;https:\/\/www.miekkalankaiverrus.fi\/wp-content\/uploads\/2023\/03\/tausta21-1.jpg&#8221; background_pattern_vertical_offset=&#8221;-64px&#8221; background_pattern_repeat=&#8221;repeat-x&#8221; custom_padding=&#8221;44px||0px||false|false&#8221; custom_padding_tablet=&#8221;||60px||false|false&#8221; custom_padding_phone=&#8221;||30px||false|false&#8221; collapsed=&#8221;on&#8221; global_colors_info=&#8221;{%22gcid-fa957022-7f68-4c63-9382-2437a00591d9%22:%91%22background_color%22%93}&#8221;][et_pb_row column_structure=&#8221;2_3,1_3&#8243; make_equal=&#8221;on&#8221; _builder_version=&#8221;4.27.6&#8243; _module_preset=&#8221;default&#8221; min_height=&#8221;528.1px&#8221; custom_margin=&#8221;|auto|-2px|auto||&#8221; custom_padding=&#8221;0px||0px||false|false&#8221; hover_enabled=&#8221;0&#8243; box_shadow_style=&#8221;preset4&#8243; box_shadow_horizontal=&#8221;1280px&#8221; box_shadow_vertical=&#8221;0px&#8221; box_shadow_spread=&#8221;400px&#8221; box_shadow_color=&#8221;gcid-68c6b9ad-55a2-4756-9f20-a801af585cf6&#8243; box_shadow_color_tablet=&#8221;RGBA(255,255,255,0)&#8221; box_shadow_color_phone=&#8221;RGBA(255,255,255,0)&#8221; box_shadow_color_last_edited=&#8221;on|tablet&#8221; global_colors_info=&#8221;{%22gcid-68c6b9ad-55a2-4756-9f20-a801af585cf6%22:%91%22box_shadow_color%22%93}&#8221; sticky_enabled=&#8221;0&#8243;][et_pb_column type=&#8221;2_3&#8243; _builder_version=&#8221;4.19.2&#8243; _module_preset=&#8221;default&#8221; custom_padding=&#8221;20px||100px||false|false&#8221; custom_padding_tablet=&#8221;0px||0px||false|false&#8221; custom_padding_phone=&#8221;||0px||false|false&#8221; custom_padding_last_edited=&#8221;on|desktop&#8221; global_colors_info=&#8221;{}&#8221;][et_pb_text _builder_version=&#8221;4.27.6&#8243; _module_preset=&#8221;76aaa71f-246d-45b1-ae77-bb724b5821ad&#8221; text_line_height=&#8221;2em&#8221; inline_fonts=&#8221;Annie Use Your Telescope,Glass Antiqua&#8221; global_colors_info=&#8221;{}&#8221;]<\/p>\n<h2><span style=\"font-family: 'Glass Antiqua'; font-size: large;\">Joka jouluksi yrit\u00e4mme ideoida jotain uutta ja ihanaa. Ja aina on mukana my\u00f6s suosikkeja edellisilt\u00e4 vuosilta. Kojumme on t\u00e4ynn\u00e4 erilaisia kransseja, valotauluja, lyhtyj\u00e4, enkeleit\u00e4, tonttuja ja monenmoisia k\u00e4sit\u00f6it\u00e4. K\u00e4yt\u00e4mme paljon kierr\u00e4tystavaraa k\u00e4sit\u00f6iss\u00e4mme ja kaikki on tietysti omin k\u00e4t\u00f6sin tehty\u00e4. Monet tuotteista on yksitt\u00e4iskappaleita joten joskus tarvitsee olla nopea jos jonkin tietyn haluaa.\u00a0<\/span><\/h2>\n<h4><\/h4>\n<h4><\/h4>\n<h4><\/h4>\n<p><span style=\"font-family: 'Glass Antiqua';\"><\/span><\/p>\n<p>[\/et_pb_text][\/et_pb_column][et_pb_column type=&#8221;1_3&#8243; _builder_version=&#8221;4.27.6&#8243; _module_preset=&#8221;default&#8221; background_image=&#8221;https:\/\/www.miekkalankaiverrus.fi\/wp-content\/uploads\/2026\/04\/IMG_20231114_115959_copy_3000x2250_1-1024&#215;768.jpg&#8221; background_size=&#8221;contain&#8221; background_position=&#8221;top_right&#8221; hover_enabled=&#8221;0&#8243; border_color_all=&#8221;#FFFFFF&#8221; global_colors_info=&#8221;{}&#8221; title_text=&#8221;Joulupalloja markkinoille&#8221; sticky_enabled=&#8221;0&#8243;][et_pb_divider show_divider=&#8221;off&#8221; _builder_version=&#8221;4.27.6&#8243; _module_preset=&#8221;default&#8221; height_tablet=&#8221;40vw&#8221; height_phone=&#8221;100vw&#8221; height_last_edited=&#8221;on|desktop&#8221; max_height=&#8221;641px&#8221; custom_padding=&#8221;||0px|||&#8221; global_colors_info=&#8221;{}&#8221;][\/et_pb_divider][\/et_pb_column][\/et_pb_row][\/et_pb_section][et_pb_section fb_built=&#8221;1&#8243; admin_label=&#8221;Features&#8221; _builder_version=&#8221;4.20.2&#8243; _module_preset=&#8221;default&#8221; background_image=&#8221;https:\/\/www.miekkalankaiverrus.fi\/wp-content\/uploads\/2023\/03\/tausta21-1.jpg&#8221; custom_padding=&#8221;0px||0px||true|false&#8221; collapsed=&#8221;on&#8221; global_colors_info=&#8221;{}&#8221;][et_pb_row column_structure=&#8221;1_3,1_3,1_3&#8243; use_custom_gutter=&#8221;on&#8221; gutter_width=&#8221;1&#8243; make_equal=&#8221;on&#8221; _builder_version=&#8221;4.19.2&#8243; _module_preset=&#8221;default&#8221; custom_padding=&#8221;0px||0px||true|false&#8221; box_shadow_style=&#8221;preset4&#8243; box_shadow_horizontal=&#8221;30vw&#8221; box_shadow_vertical=&#8221;0px&#8221; box_shadow_color=&#8221;gcid-fa957022-7f68-4c63-9382-2437a00591d9&#8243; box_shadow_color_tablet=&#8221;RGBA(255,255,255,0)&#8221; box_shadow_color_phone=&#8221;RGBA(255,255,255,0)&#8221; box_shadow_color_last_edited=&#8221;on|tablet&#8221; global_colors_info=&#8221;{%22gcid-fa957022-7f68-4c63-9382-2437a00591d9%22:%91%22box_shadow_color%22%93}&#8221;][et_pb_column type=&#8221;1_3&#8243; _builder_version=&#8221;4.19.2&#8243; _module_preset=&#8221;default&#8221; custom_padding=&#8221;4vw|60px|||false|false&#8221; custom_padding_tablet=&#8221;30px|30px|30px||true|false&#8221; custom_padding_phone=&#8221;30px|30px|30px||true|false&#8221; custom_padding_last_edited=&#8221;on|tablet&#8221; global_colors_info=&#8221;{}&#8221;][et_pb_text _builder_version=&#8221;4.27.6&#8243; _module_preset=&#8221;default&#8221; custom_padding=&#8221;||29px|||&#8221; link_option_url=&#8221;https:\/\/www.facebook.com\/groups\/1841468375931685\/&#8221; link_option_url_new_window=&#8221;on&#8221; inline_fonts=&#8221;Raleway,Inter,Aboreto,Glass Antiqua&#8221; global_colors_info=&#8221;{}&#8221;]<\/p>\n<h1><span style=\"font-size: large; font-family: 'Glass Antiqua'; font-weight: normal;\">P\u00e4ivin ja Suskin k\u00e4sity\u00f6 ryhm\u00e4n l\u00f6yd\u00e4t facebookista:<\/span><\/h1>\n<h1><span style=\"font-size: small; font-family: inherit; font-weight: normal; color: #e09900;\">https:\/\/www.facebook.com\/groups\/1841468375931685\/<\/span><\/h1>\n<p>[\/et_pb_text][\/et_pb_column][et_pb_column type=&#8221;1_3&#8243; _builder_version=&#8221;4.19.2&#8243; _module_preset=&#8221;default&#8221; background_color=&#8221;gcid-fa957022-7f68-4c63-9382-2437a00591d9&#8243; custom_padding=&#8221;||90px||false|false&#8221; custom_padding_tablet=&#8221;||30px||false|false&#8221; custom_padding_phone=&#8221;||30px||false|false&#8221; custom_padding_last_edited=&#8221;on|tablet&#8221; global_colors_info=&#8221;{%22gcid-fa957022-7f68-4c63-9382-2437a00591d9%22:%91%22background_color%22%93}&#8221;][et_pb_image src=&#8221;https:\/\/www.miekkalankaiverrus.fi\/wp-content\/uploads\/2023\/04\/GridArt_20221017_215025479.jpg&#8221; title_text=&#8221;GridArt_20221017_215025479&#8243; _builder_version=&#8221;4.20.2&#8243; _module_preset=&#8221;default&#8221; max_width=&#8221;100%&#8221; border_color_all=&#8221;#FFFFFF&#8221; global_colors_info=&#8221;{}&#8221;][\/et_pb_image][\/et_pb_column][et_pb_column type=&#8221;1_3&#8243; _builder_version=&#8221;4.19.2&#8243; _module_preset=&#8221;default&#8221; background_color=&#8221;gcid-fa957022-7f68-4c63-9382-2437a00591d9&#8243; custom_padding=&#8221;4vw||60px|60px|false|false&#8221; custom_padding_tablet=&#8221;0vw|30px|30px|30px|false|true&#8221; custom_padding_phone=&#8221;0vw|20px|20px|20px|false|true&#8221; custom_padding_last_edited=&#8221;on|tablet&#8221; global_colors_info=&#8221;{%22gcid-fa957022-7f68-4c63-9382-2437a00591d9%22:%91%22background_color%22%93}&#8221;][et_pb_text _builder_version=&#8221;4.27.6&#8243; _module_preset=&#8221;38cc830a-c833-4e23-a2f5-be8a0961c39a&#8221; custom_margin=&#8221;||30px||false|false&#8221; custom_padding=&#8221;||0px|||&#8221; inline_fonts=&#8221;Glass Antiqua&#8221; global_colors_info=&#8221;{}&#8221;]<\/p>\n<h4><\/h4>\n<h4><span style=\"font-family: 'Glass Antiqua';\">Vuoden 2026 joulumarkkina paikkoja ei olla viel\u00e4 p\u00e4\u00e4tetty.<\/span><\/h4>\n<h4><span style=\"font-family: Glass Antiqua;\">Selvinnee syksyll\u00e4.<\/span><\/h4>\n<p><span style=\"font-family: 'Glass Antiqua';\"><\/span><\/p>\n<p>[\/et_pb_text][\/et_pb_column][\/et_pb_row][\/et_pb_section][et_pb_section fb_built=&#8221;1&#8243; specialty=&#8221;on&#8221; _builder_version=&#8221;4.20.2&#8243; _module_preset=&#8221;default&#8221; background_image=&#8221;https:\/\/www.miekkalankaiverrus.fi\/wp-content\/uploads\/2023\/03\/tausta21-1.jpg&#8221; custom_padding=&#8221;8px|||||&#8221; hover_enabled=&#8221;0&#8243; global_colors_info=&#8221;{}&#8221; sticky_enabled=&#8221;0&#8243;][et_pb_column type=&#8221;1_2&#8243; specialty_columns=&#8221;2&#8243; _builder_version=&#8221;4.16&#8243; custom_padding=&#8221;|||&#8221; global_colors_info=&#8221;{}&#8221; custom_padding__hover=&#8221;|||&#8221;][et_pb_row_inner _builder_version=&#8221;4.27.6&#8243; _module_preset=&#8221;default&#8221; hover_enabled=&#8221;0&#8243; global_colors_info=&#8221;{}&#8221; module_alignment=&#8221;center&#8221; sticky_enabled=&#8221;0&#8243;][et_pb_column_inner saved_specialty_column_type=&#8221;1_2&#8243; _builder_version=&#8221;4.27.6&#8243; _module_preset=&#8221;default&#8221; global_colors_info=&#8221;{}&#8221;][et_pb_gallery gallery_ids=&#8221;480,1740,487,483,266&#8243; fullwidth=&#8221;on&#8221; _builder_version=&#8221;4.27.6&#8243; _module_preset=&#8221;default&#8221; background_layout=&#8221;dark&#8221; animation_style=&#8221;fade&#8221; hover_enabled=&#8221;0&#8243; border_width_all_image=&#8221;4px&#8221; border_color_all_image=&#8221;#FFFFFF&#8221; global_colors_info=&#8221;{}&#8221; sticky_enabled=&#8221;0&#8243;][\/et_pb_gallery][\/et_pb_column_inner][\/et_pb_row_inner][\/et_pb_column][et_pb_column type=&#8221;1_2&#8243; _builder_version=&#8221;4.16&#8243; custom_padding=&#8221;|||&#8221; global_colors_info=&#8221;{}&#8221; custom_padding__hover=&#8221;|||&#8221;][\/et_pb_column][\/et_pb_section]<\/p>\n","protected":false},"excerpt":{"rendered":"<p>P\u00e4ivin ja Suskin k\u00e4sity\u00f6t &nbsp;Kaksin markkinoilla on mukavampaa, joten jo kymmenen vuoden ajan olen \u00e4itini P\u00e4ivi Saarisen kanssa l\u00e4htenyt muutamille joulumarkkinoille myym\u00e4\u00e4n k\u00e4sit\u00f6it\u00e4. Yleens\u00e4 olemme l\u00e4hialueen tutuilla, tunnelmallisilla markkinoilla mutta silloin t\u00e4ll\u00f6in l\u00e4hdemme kauemmaskin kalaan.\u00a0Joka jouluksi yrit\u00e4mme ideoida jotain uutta ja ihanaa. Ja aina on mukana my\u00f6s suosikkeja edellisilt\u00e4 vuosilta. Kojumme on t\u00e4ynn\u00e4 erilaisia kransseja, [&hellip;]<\/p>\n","protected":false},"author":1,"featured_media":0,"parent":0,"menu_order":0,"comment_status":"closed","ping_status":"closed","template":"","meta":{"_et_pb_use_builder":"on","_et_pb_old_content":"","_et_gb_content_width":"","footnotes":""},"class_list":["post-493","page","type-page","status-publish","hentry"],"_links":{"self":[{"href":"https:\/\/www.miekkalankaiverrus.fi\/index.php\/wp-json\/wp\/v2\/pages\/493","targetHints":{"allow":["GET"]}}],"collection":[{"href":"https:\/\/www.miekkalankaiverrus.fi\/index.php\/wp-json\/wp\/v2\/pages"}],"about":[{"href":"https:\/\/www.miekkalankaiverrus.fi\/index.php\/wp-json\/wp\/v2\/types\/page"}],"author":[{"embeddable":true,"href":"https:\/\/www.miekkalankaiverrus.fi\/index.php\/wp-json\/wp\/v2\/users\/1"}],"replies":[{"embeddable":true,"href":"https:\/\/www.miekkalankaiverrus.fi\/index.php\/wp-json\/wp\/v2\/comments?post=493"}],"version-history":[{"count":18,"href":"https:\/\/www.miekkalankaiverrus.fi\/index.php\/wp-json\/wp\/v2\/pages\/493\/revisions"}],"predecessor-version":[{"id":2549,"href":"https:\/\/www.miekkalankaiverrus.fi\/index.php\/wp-json\/wp\/v2\/pages\/493\/revisions\/2549"}],"wp:attachment":[{"href":"https:\/\/www.miekkalankaiverrus.fi\/index.php\/wp-json\/wp\/v2\/media?parent=493"}],"curies":[{"name":"wp","href":"https:\/\/api.w.org\/{rel}","templated":true}]}}