{"id":499,"date":"2023-04-12T08:17:44","date_gmt":"2023-04-12T08:17:44","guid":{"rendered":"https:\/\/www.miekkalankaiverrus.fi\/?page_id=499"},"modified":"2026-04-14T15:40:42","modified_gmt":"2026-04-14T15:40:42","slug":"kuoharilasit","status":"publish","type":"page","link":"https:\/\/www.miekkalankaiverrus.fi\/index.php\/kuoharilasit\/","title":{"rendered":"Kuoharilasit"},"content":{"rendered":"<p>[et_pb_section fb_built=&#8221;1&#8243; custom_padding_last_edited=&#8221;on|desktop&#8221; admin_label=&#8221;Header&#8221; _builder_version=&#8221;4.20.2&#8243; _module_preset=&#8221;default&#8221; background_enable_color=&#8221;off&#8221; background_image=&#8221;https:\/\/www.miekkalankaiverrus.fi\/wp-content\/uploads\/2023\/03\/tausta21-1.jpg&#8221; background_pattern_vertical_offset=&#8221;-64px&#8221; background_pattern_repeat=&#8221;repeat-x&#8221; custom_padding=&#8221;35px||0px||false|false&#8221; custom_padding_tablet=&#8221;||60px||false|false&#8221; custom_padding_phone=&#8221;||30px||false|false&#8221; collapsed=&#8221;on&#8221; global_colors_info=&#8221;{%22gcid-fa957022-7f68-4c63-9382-2437a00591d9%22:%91%22background_color%22%93}&#8221;][et_pb_row column_structure=&#8221;2_3,1_3&#8243; make_equal=&#8221;on&#8221; _builder_version=&#8221;4.27.6&#8243; _module_preset=&#8221;default&#8221; custom_margin=&#8221;48px|auto|7px|auto||&#8221; custom_padding=&#8221;0px||0px||false|false&#8221; hover_enabled=&#8221;0&#8243; box_shadow_style=&#8221;preset4&#8243; box_shadow_horizontal=&#8221;1280px&#8221; box_shadow_vertical=&#8221;0px&#8221; box_shadow_spread=&#8221;400px&#8221; box_shadow_color=&#8221;gcid-68c6b9ad-55a2-4756-9f20-a801af585cf6&#8243; box_shadow_color_tablet=&#8221;RGBA(255,255,255,0)&#8221; box_shadow_color_phone=&#8221;RGBA(255,255,255,0)&#8221; box_shadow_color_last_edited=&#8221;on|tablet&#8221; global_colors_info=&#8221;{%22gcid-68c6b9ad-55a2-4756-9f20-a801af585cf6%22:%91%22box_shadow_color%22%93}&#8221; sticky_enabled=&#8221;0&#8243;][et_pb_column type=&#8221;2_3&#8243; _builder_version=&#8221;4.19.2&#8243; _module_preset=&#8221;default&#8221; custom_padding=&#8221;20px||100px||false|false&#8221; custom_padding_tablet=&#8221;0px||0px||false|false&#8221; custom_padding_phone=&#8221;||0px||false|false&#8221; custom_padding_last_edited=&#8221;on|desktop&#8221; global_colors_info=&#8221;{}&#8221;][et_pb_text _builder_version=&#8221;4.27.6&#8243; _module_preset=&#8221;eaf59b8f-2e7c-4029-af32-eaea41a0c679&#8243; text_font=&#8221;Sevillana||||||||&#8221; custom_padding=&#8221;14px|||||&#8221; inline_fonts=&#8221;Sevillana,Rouge Script,Love Ya Like A Sister,Raleway&#8221; global_colors_info=&#8221;{}&#8221;]<\/p>\n<h4><span style=\"font-family: inherit; font-weight: normal; font-size: xx-large; color: #000000;\">Kuohuviinilasit <\/span><\/h4>\n<p>&nbsp;<\/p>\n<p>[\/et_pb_text][et_pb_text _builder_version=&#8221;4.27.6&#8243; _module_preset=&#8221;0e888a60-e6f2-468c-bfdf-94a655fff7a6&#8243; text_font=&#8221;Sevillana||||||||&#8221; custom_padding=&#8221;0px|||0px||&#8221; inline_fonts=&#8221;Sevillana,Rouge Script,Love Ya Like A Sister,Glass Antiqua&#8221; global_colors_info=&#8221;{}&#8221;]<\/p>\n<h1><span style=\"font-family: 'Glass Antiqua'; font-weight: normal; font-size: large;\">H\u00e4\u00e4parille, valmistujaislahjaksi, kihlaparille, syntt\u00e4risankarille&#8230; <\/span><\/h1>\n<p>&nbsp;<\/p>\n<p>[\/et_pb_text][\/et_pb_column][et_pb_column type=&#8221;1_3&#8243; _builder_version=&#8221;4.27.6&#8243; _module_preset=&#8221;default&#8221; background_image=&#8221;https:\/\/www.miekkalankaiverrus.fi\/wp-content\/uploads\/2026\/04\/1774264319880-1-845&#215;1024.png&#8221; background_size=&#8221;contain&#8221; background_repeat=&#8221;repeat-x&#8221; hover_enabled=&#8221;0&#8243; border_color_all=&#8221;#FFFFFF&#8221; global_colors_info=&#8221;{}&#8221; title_text=&#8221;Lasikaiverrus ylioppilas 2026&#8243; sticky_enabled=&#8221;0&#8243;][et_pb_divider show_divider=&#8221;off&#8221; _builder_version=&#8221;4.20.2&#8243; _module_preset=&#8221;default&#8221; height_tablet=&#8221;40vw&#8221; height_phone=&#8221;100vw&#8221; height_last_edited=&#8221;on|desktop&#8221; max_height=&#8221;641px&#8221; hover_enabled=&#8221;0&#8243; global_colors_info=&#8221;{}&#8221; sticky_enabled=&#8221;0&#8243;][\/et_pb_divider][\/et_pb_column][\/et_pb_row][\/et_pb_section][et_pb_section fb_built=&#8221;1&#8243; custom_padding_last_edited=&#8221;on|desktop&#8221; admin_label=&#8221;Header&#8221; _builder_version=&#8221;4.20.2&#8243; _module_preset=&#8221;default&#8221; background_enable_color=&#8221;off&#8221; background_image=&#8221;https:\/\/www.miekkalankaiverrus.fi\/wp-content\/uploads\/2023\/03\/tausta21-1.jpg&#8221; background_pattern_vertical_offset=&#8221;-64px&#8221; background_pattern_repeat=&#8221;repeat-x&#8221; custom_padding=&#8221;41px||0px||false|false&#8221; custom_padding_tablet=&#8221;||60px||false|false&#8221; custom_padding_phone=&#8221;||30px||false|false&#8221; collapsed=&#8221;on&#8221; global_colors_info=&#8221;{%22gcid-fa957022-7f68-4c63-9382-2437a00591d9%22:%91%22background_color%22%93}&#8221;][et_pb_row column_structure=&#8221;2_3,1_3&#8243; make_equal=&#8221;on&#8221; _builder_version=&#8221;4.27.6&#8243; _module_preset=&#8221;default&#8221; custom_margin=&#8221;|auto|7px|auto||&#8221; custom_padding=&#8221;0px||0px||false|false&#8221; hover_enabled=&#8221;0&#8243; box_shadow_style=&#8221;preset4&#8243; box_shadow_horizontal=&#8221;1280px&#8221; box_shadow_vertical=&#8221;0px&#8221; box_shadow_spread=&#8221;400px&#8221; box_shadow_color=&#8221;gcid-68c6b9ad-55a2-4756-9f20-a801af585cf6&#8243; box_shadow_color_tablet=&#8221;RGBA(255,255,255,0)&#8221; box_shadow_color_phone=&#8221;RGBA(255,255,255,0)&#8221; box_shadow_color_last_edited=&#8221;on|tablet&#8221; global_colors_info=&#8221;{%22gcid-68c6b9ad-55a2-4756-9f20-a801af585cf6%22:%91%22box_shadow_color%22%93}&#8221; sticky_enabled=&#8221;0&#8243;][et_pb_column type=&#8221;2_3&#8243; _builder_version=&#8221;4.19.2&#8243; _module_preset=&#8221;default&#8221; custom_padding=&#8221;20px||100px||false|false&#8221; custom_padding_tablet=&#8221;0px||0px||false|false&#8221; custom_padding_phone=&#8221;||0px||false|false&#8221; custom_padding_last_edited=&#8221;on|desktop&#8221; global_colors_info=&#8221;{}&#8221;][et_pb_text _builder_version=&#8221;4.27.6&#8243; _module_preset=&#8221;eaf59b8f-2e7c-4029-af32-eaea41a0c679&#8243; text_font=&#8221;Sevillana||||||||&#8221; custom_margin=&#8221;||-6px|||&#8221; custom_padding=&#8221;29px|||||&#8221; inline_fonts=&#8221;Sevillana,Rouge Script,Love Ya Like A Sister,Raleway&#8221; global_colors_info=&#8221;{}&#8221;]<\/p>\n<h2><span style=\"font-family: 'Love Ya Like A Sister'; font-weight: normal;\"><span style=\"font-family: Raleway; font-size: xx-large;\">La<span style=\"font-weight: normal;\">siv<\/span>aihtoehdot<\/span><\/span><\/h2>\n<p>&nbsp;<\/p>\n<p>[\/et_pb_text][et_pb_text _builder_version=&#8221;4.27.6&#8243; _module_preset=&#8221;0e888a60-e6f2-468c-bfdf-94a655fff7a6&#8243; text_font=&#8221;Sevillana||||||||&#8221; custom_padding=&#8221;3px||0px|||&#8221; inline_fonts=&#8221;Sevillana,Rouge Script,Love Ya Like A Sister,Glass Antiqua&#8221; global_colors_info=&#8221;{}&#8221;]<\/p>\n<h1><span style=\"font-family: 'Glass Antiqua'; font-weight: normal;\"><\/span><\/h1>\n<p><span style=\"font-family: 'Glass Antiqua'; font-weight: normal;\"><\/span><\/p>\n<h4><span style=\"font-family: 'Glass Antiqua'; font-weight: normal; font-size: large;\">Minulta l\u00f6ytyy muutama erilainen kuoharilasivaihtoehto. Pyrin pit\u00e4m\u00e4\u00e4n varastossa aina jonkun kristallisen lasivaihtoehdon sek\u00e4 lis\u00e4ksi jonkun perinteisen py\u00f6re\u00e4mm\u00e4n ja jonkun kantikkaamman lasimallin. My\u00f6s asiakkaan omiin laseihin usein onnistuu kaiverrus. <\/span><\/h4>\n<h4><span style=\"font-family: 'Glass Antiqua'; font-weight: normal; font-size: large;\">Tilauksesta onnistuu erilaiset tekstit ja kuvat. Mahdollisuuksien mukaan saan kaiverruksen tehty\u00e4 asiakkaan omastakin kuvasta tai logosta. Aina t\u00e4ytyy kuitenkin muistaa ett\u00e4 kaiverran kaiken k\u00e4sin eli ihan yks yhteen en pysty tekem\u00e4\u00e4n. K\u00e4denj\u00e4lki n\u00e4kyy ja kuuluukin n\u00e4ky\u00e4.<\/span><\/h4>\n<h4><span style=\"font-family: 'Glass Antiqua'; font-weight: normal; font-size: large;\">Tarkan hinnan saat aina kysym\u00e4ll\u00e4. Hinta v\u00e4h\u00e4n vaihtelee riippuen siit\u00e4 millaiseen lasiin kaiverrus tulee ja paljonko teksti\u00e4\/kuvia tulee. Yleens\u00e4 kuitenkin liikutaan 30-35e\/kpl kieppeill\u00e4 sis\u00e4lt\u00e4en sek\u00e4 kaiverruksen ett\u00e4 lasin. Kysy rohkeasti! <\/span><\/h4>\n<h4><span style=\"font-family: 'Glass Antiqua'; font-weight: normal; font-size: large;\">My\u00f6s postitus onnistuu.\u00a0\u00a0<\/span><span style=\"font-family: 'Glass Antiqua'; font-weight: normal;\"><\/span><\/h4>\n<p><span style=\"font-family: 'Glass Antiqua'; font-weight: normal;\"><\/span><\/p>\n<p>[\/et_pb_text][\/et_pb_column][et_pb_column type=&#8221;1_3&#8243; _builder_version=&#8221;4.27.6&#8243; _module_preset=&#8221;default&#8221; background_image=&#8221;https:\/\/www.miekkalankaiverrus.fi\/wp-content\/uploads\/2026\/04\/1774265547087-726&#215;1024.png&#8221; background_size=&#8221;contain&#8221; background_repeat=&#8221;repeat-x&#8221; hover_enabled=&#8221;0&#8243; border_color_all=&#8221;#FFFFFF&#8221; global_colors_info=&#8221;{}&#8221; title_text=&#8221;Kuoharilasit kaiverruksella &#8221; sticky_enabled=&#8221;0&#8243;][et_pb_divider show_divider=&#8221;off&#8221; _builder_version=&#8221;4.20.2&#8243; _module_preset=&#8221;default&#8221; height_tablet=&#8221;40vw&#8221; height_phone=&#8221;100vw&#8221; height_last_edited=&#8221;on|desktop&#8221; max_height=&#8221;641px&#8221; hover_enabled=&#8221;0&#8243; global_colors_info=&#8221;{}&#8221; sticky_enabled=&#8221;0&#8243;][\/et_pb_divider][\/et_pb_column][\/et_pb_row][\/et_pb_section][et_pb_section fb_built=&#8221;1&#8243; _builder_version=&#8221;4.20.2&#8243; _module_preset=&#8221;default&#8221; background_image=&#8221;https:\/\/www.miekkalankaiverrus.fi\/wp-content\/uploads\/2023\/03\/tausta21-1.jpg&#8221; width=&#8221;100%&#8221; module_alignment=&#8221;center&#8221; min_height=&#8221;342.9px&#8221; custom_margin=&#8221;10px||10px|||&#8221; custom_padding=&#8221;0px||4px|||&#8221; module_alignment_tablet=&#8221;center&#8221; module_alignment_phone=&#8221;center&#8221; module_alignment_last_edited=&#8221;on|phone&#8221; border_width_all=&#8221;4px&#8221; border_color_all=&#8221;#E09900&#8243; global_colors_info=&#8221;{}&#8221;][et_pb_row _builder_version=&#8221;4.27.6&#8243; _module_preset=&#8221;default&#8221; border_color_all=&#8221;#FFFFFF&#8221; global_colors_info=&#8221;{}&#8221;][et_pb_column type=&#8221;4_4&#8243; _builder_version=&#8221;4.27.6&#8243; _module_preset=&#8221;default&#8221; global_colors_info=&#8221;{}&#8221;][et_pb_gallery gallery_ids=&#8221;1650,508,504,503,512,521,527,505,506,509,510,511,514,515,516,517,518,519,520,522,523,524,525,526,513&#8243; fullwidth=&#8221;on&#8221; _builder_version=&#8221;4.27.6&#8243; _module_preset=&#8221;default&#8221; pagination_font=&#8221;||||||||&#8221; pagination_text_color=&#8221;#EAEAEA&#8221; background_layout=&#8221;dark&#8221; width=&#8221;90%&#8221; module_alignment=&#8221;center&#8221; border_width_all_image=&#8221;3px&#8221; border_color_all_image=&#8221;#FFFFFF&#8221; global_colors_info=&#8221;{}&#8221;][\/et_pb_gallery][\/et_pb_column][\/et_pb_row][\/et_pb_section][et_pb_section fb_built=&#8221;1&#8243; fullwidth=&#8221;on&#8221; _builder_version=&#8221;4.27.6&#8243; _module_preset=&#8221;default&#8221; background_color=&#8221;#EAEAEA&#8221; global_colors_info=&#8221;{}&#8221;][et_pb_fullwidth_slider arrows_custom_color=&#8221;#000000&#8243; dot_nav_custom_color=&#8221;#000000&#8243; _builder_version=&#8221;4.27.6&#8243; _module_preset=&#8221;default&#8221; header_text_color=&#8221;#000000&#8243; body_font=&#8221;&#8211;et_global_heading_font||||||||&#8221; body_text_color=&#8221;#000000&#8243; background_color=&#8221;#e0d8c7&#8243; border_color_all=&#8221;#000000&#8243; border_color_all_image=&#8221;#EAEAEA&#8221; global_colors_info=&#8221;{}&#8221;][et_pb_slide heading=&#8221;Muut kaiverrukset&#8221; button_text=&#8221;Tutustu&#8221; image=&#8221;https:\/\/www.miekkalankaiverrus.fi\/wp-content\/uploads\/2023\/08\/IMG_20230829_102433-1.jpg&#8221; _builder_version=&#8221;4.27.6&#8243; _module_preset=&#8221;default&#8221; header_font=&#8221;|&#8211;et_global_heading_font_weight|||||||&#8221; body_font=&#8221;&#8211;et_global_heading_font||||||||&#8221; background_layout=&#8221;light&#8221; global_colors_info=&#8221;{}&#8221; sticky_transition=&#8221;on&#8221;]<\/p>\n<p>Kaiverruksia monenlaisiin tuotteisiin, kummilahjoista palkintojen kylkeen.<\/p>\n<p>[\/et_pb_slide][et_pb_slide heading=&#8221;Polttokaiverrus&#8221; button_text=&#8221;Tutustu&#8221; button_link=&#8221;@ET-DC@eyJkeW5hbWljIjp0cnVlLCJjb250ZW50IjoicG9zdF9saW5rX3VybF9wYWdlIiwic2V0dGluZ3MiOnsicG9zdF9pZCI6IjEzNzAifX0=@&#8221; image=&#8221;https:\/\/www.miekkalankaiverrus.fi\/wp-content\/uploads\/2026\/03\/IMG_20260310_121753-scaled.jpg&#8221; _builder_version=&#8221;4.27.6&#8243; _dynamic_attributes=&#8221;button_link&#8221; _module_preset=&#8221;default&#8221; body_font=&#8221;&#8211;et_global_heading_font||||||||&#8221; border_color_all_image=&#8221;#000000&#8243; global_colors_info=&#8221;{}&#8221; sticky_transition=&#8221;on&#8221;]<\/p>\n<p>K\u00e4sintehdyt, uniikit polttokaiverrukset<\/p>\n<p>[\/et_pb_slide][et_pb_slide heading=&#8221;Tuopit&#8221; button_text=&#8221;Tutustu&#8221; button_link=&#8221;@ET-DC@eyJkeW5hbWljIjp0cnVlLCJjb250ZW50IjoicG9zdF9saW5rX3VybF9wYWdlIiwic2V0dGluZ3MiOnsicG9zdF9pZCI6Ijk4NCJ9fQ==@&#8221; image=&#8221;https:\/\/www.miekkalankaiverrus.fi\/wp-content\/uploads\/2026\/04\/1776178154418-890&#215;1024.png&#8221; _builder_version=&#8221;4.27.6&#8243; _dynamic_attributes=&#8221;button_link&#8221; _module_preset=&#8221;default&#8221; global_colors_info=&#8221;{}&#8221; sticky_transition=&#8221;on&#8221;]<\/p>\n<p>K\u00e4sintehty lasikaiverrus tuoppiin<\/p>\n<p>[\/et_pb_slide][\/et_pb_fullwidth_slider][\/et_pb_section][et_pb_section fb_built=&#8221;1&#8243; admin_label=&#8221;Call to Action&#8221; _builder_version=&#8221;4.19.2&#8243; _module_preset=&#8221;default&#8221; min_height=&#8221;474.6px&#8221; custom_margin=&#8221;388px|||||&#8221; custom_padding=&#8221;0px||0vw||false|false&#8221; saved_tabs=&#8221;all&#8221; collapsed=&#8221;on&#8221; global_colors_info=&#8221;{}&#8221;][et_pb_row column_structure=&#8221;1_3,1_3,1_3&#8243; make_equal=&#8221;on&#8221; _builder_version=&#8221;4.19.2&#8243; _module_preset=&#8221;default&#8221; background_color=&#8221;gcid-fa957022-7f68-4c63-9382-2437a00591d9&#8243; custom_margin=&#8221;-375px|auto|4px|auto||&#8221; custom_padding=&#8221;0px||0px||true|false&#8221; box_shadow_style=&#8221;preset4&#8243; box_shadow_horizontal=&#8221;30vw&#8221; box_shadow_vertical=&#8221;0px&#8221; box_shadow_color=&#8221;gcid-fa957022-7f68-4c63-9382-2437a00591d9&#8243; box_shadow_color_tablet=&#8221;RGBA(255,255,255,0)&#8221; box_shadow_color_phone=&#8221;&#8221; box_shadow_color_last_edited=&#8221;on|tablet&#8221; global_colors_info=&#8221;{%22gcid-fa957022-7f68-4c63-9382-2437a00591d9%22:%91%22background_color%22,%22box_shadow_color%22%93}&#8221;][et_pb_column type=&#8221;1_3&#8243; _builder_version=&#8221;4.19.2&#8243; _module_preset=&#8221;default&#8221; use_background_color_gradient=&#8221;on&#8221; background_color_gradient_direction=&#8221;90deg&#8221; background_color_gradient_stops=&#8221;#ffffff 70%|gcid-fa957022-7f68-4c63-9382-2437a00591d9 70%&#8221; global_colors_info=&#8221;{%22gcid-fa957022-7f68-4c63-9382-2437a00591d9%22:%91%22background_color_gradient_stops%22%93}&#8221;][et_pb_image src=&#8221;https:\/\/www.miekkalankaiverrus.fi\/wp-content\/uploads\/2026\/04\/file_000000007ce4722f978cd90d7ce42b68-683&#215;1024.png&#8221; title_text=&#8221;Kuoharilasi Ylioppilas 2026&#8243; _builder_version=&#8221;4.27.6&#8243; _module_preset=&#8221;default&#8221; custom_margin=&#8221;0vw|-8vw|-4vw||false|false&#8221; custom_margin_tablet=&#8221;0vw|0vw|0vw||false|false&#8221; custom_margin_phone=&#8221;&#8221; custom_margin_last_edited=&#8221;on|tablet&#8221; hover_enabled=&#8221;0&#8243; border_width_all=&#8221;4px&#8221; border_color_all=&#8221;#FFFFFF&#8221; global_colors_info=&#8221;{}&#8221; sticky_enabled=&#8221;0&#8243;][\/et_pb_image][\/et_pb_column][et_pb_column type=&#8221;1_3&#8243; _builder_version=&#8221;4.20.2&#8243; _module_preset=&#8221;default&#8221; global_colors_info=&#8221;{}&#8221;][\/et_pb_column][et_pb_column type=&#8221;1_3&#8243; _builder_version=&#8221;4.19.2&#8243; _module_preset=&#8221;default&#8221; custom_padding=&#8221;4vw|||8vw|false|false&#8221; custom_padding_tablet=&#8221;0vw|30px|30px|30px|false|true&#8221; custom_padding_phone=&#8221;|20px|20px|20px|false|true&#8221; custom_padding_last_edited=&#8221;on|desktop&#8221; global_colors_info=&#8221;{}&#8221;][et_pb_text _builder_version=&#8221;4.20.2&#8243; _module_preset=&#8221;83401e3e-fed4-49d1-ab8e-8c32a6303acd&#8221; inline_fonts=&#8221;Love Ya Like A Sister,Raleway&#8221; global_colors_info=&#8221;{}&#8221;]<\/p>\n<h2><span style=\"font-family: Raleway; font-weight: normal; font-size: xx-large;\">Miten tilaan<\/span><\/h2>\n<p>[\/et_pb_text][et_pb_text _builder_version=&#8221;4.20.2&#8243; _module_preset=&#8221;38cc830a-c833-4e23-a2f5-be8a0961c39a&#8221; custom_padding=&#8221;8px||0px|||&#8221; inline_fonts=&#8221;Glass Antiqua&#8221; global_colors_info=&#8221;{}&#8221;]<\/p>\n<h4><span style=\"font-family: 'Glass Antiqua'; font-weight: normal;\">Laita minulle viesti\u00e4. Voit laittaa viesti\u00e4 messengerill\u00e4 tai s\u00e4hk\u00f6postilla.<\/span><br \/><span style=\"font-family: 'Glass Antiqua'; font-weight: normal;\"><a href=\"mailto:susanna.miekkala@gmail.com\">susanna.miekkala@gmail.com<\/a> <\/span><\/h4>\n<h4><span style=\"font-family: 'Glass Antiqua'; font-weight: normal;\">Kotisivujen etusivulta l\u00f6ytyy my\u00f6s yhteydenottolomake.<\/span><\/h4>\n<p>[\/et_pb_text][\/et_pb_column][\/et_pb_row][\/et_pb_section]<\/p>\n","protected":false},"excerpt":{"rendered":"<p>Kuohuviinilasit &nbsp;H\u00e4\u00e4parille, valmistujaislahjaksi, kihlaparille, syntt\u00e4risankarille&#8230; &nbsp;Lasivaihtoehdot &nbsp; Minulta l\u00f6ytyy muutama erilainen kuoharilasivaihtoehto. Pyrin pit\u00e4m\u00e4\u00e4n varastossa aina jonkun kristallisen lasivaihtoehdon sek\u00e4 lis\u00e4ksi jonkun perinteisen py\u00f6re\u00e4mm\u00e4n ja jonkun kantikkaamman lasimallin. My\u00f6s asiakkaan omiin laseihin usein onnistuu kaiverrus. Tilauksesta onnistuu erilaiset tekstit ja kuvat. Mahdollisuuksien mukaan saan kaiverruksen tehty\u00e4 asiakkaan omastakin kuvasta tai logosta. Aina t\u00e4ytyy kuitenkin muistaa [&hellip;]<\/p>\n","protected":false},"author":1,"featured_media":0,"parent":0,"menu_order":0,"comment_status":"closed","ping_status":"closed","template":"","meta":{"_et_pb_use_builder":"on","_et_pb_old_content":"","_et_gb_content_width":"","footnotes":""},"class_list":["post-499","page","type-page","status-publish","hentry"],"_links":{"self":[{"href":"https:\/\/www.miekkalankaiverrus.fi\/index.php\/wp-json\/wp\/v2\/pages\/499","targetHints":{"allow":["GET"]}}],"collection":[{"href":"https:\/\/www.miekkalankaiverrus.fi\/index.php\/wp-json\/wp\/v2\/pages"}],"about":[{"href":"https:\/\/www.miekkalankaiverrus.fi\/index.php\/wp-json\/wp\/v2\/types\/page"}],"author":[{"embeddable":true,"href":"https:\/\/www.miekkalankaiverrus.fi\/index.php\/wp-json\/wp\/v2\/users\/1"}],"replies":[{"embeddable":true,"href":"https:\/\/www.miekkalankaiverrus.fi\/index.php\/wp-json\/wp\/v2\/comments?post=499"}],"version-history":[{"count":46,"href":"https:\/\/www.miekkalankaiverrus.fi\/index.php\/wp-json\/wp\/v2\/pages\/499\/revisions"}],"predecessor-version":[{"id":1959,"href":"https:\/\/www.miekkalankaiverrus.fi\/index.php\/wp-json\/wp\/v2\/pages\/499\/revisions\/1959"}],"wp:attachment":[{"href":"https:\/\/www.miekkalankaiverrus.fi\/index.php\/wp-json\/wp\/v2\/media?parent=499"}],"curies":[{"name":"wp","href":"https:\/\/api.w.org\/{rel}","templated":true}]}}