{"id":984,"date":"2023-05-02T08:35:31","date_gmt":"2023-05-02T08:35:31","guid":{"rendered":"https:\/\/www.miekkalankaiverrus.fi\/?page_id=984"},"modified":"2026-04-14T16:09:24","modified_gmt":"2026-04-14T16:09:24","slug":"tuopit","status":"publish","type":"page","link":"https:\/\/www.miekkalankaiverrus.fi\/index.php\/tuopit\/","title":{"rendered":"Tuopit"},"content":{"rendered":"<p>[et_pb_section fb_built=&#8221;1&#8243; custom_padding_last_edited=&#8221;on|desktop&#8221; admin_label=&#8221;Header&#8221; _builder_version=&#8221;4.20.2&#8243; _module_preset=&#8221;default&#8221; background_enable_color=&#8221;off&#8221; background_image=&#8221;https:\/\/www.miekkalankaiverrus.fi\/wp-content\/uploads\/2023\/03\/tausta21-1.jpg&#8221; background_pattern_vertical_offset=&#8221;-64px&#8221; background_pattern_repeat=&#8221;repeat-x&#8221; custom_padding=&#8221;35px||0px||false|false&#8221; custom_padding_tablet=&#8221;||60px||false|false&#8221; custom_padding_phone=&#8221;||30px||false|false&#8221; collapsed=&#8221;on&#8221; global_colors_info=&#8221;{%22gcid-fa957022-7f68-4c63-9382-2437a00591d9%22:%91%22background_color%22%93}&#8221;][et_pb_row column_structure=&#8221;2_3,1_3&#8243; make_equal=&#8221;on&#8221; _builder_version=&#8221;4.27.6&#8243; _module_preset=&#8221;default&#8221; custom_margin=&#8221;36px|auto|7px|auto||&#8221; custom_padding=&#8221;0px||0px||false|false&#8221; box_shadow_style=&#8221;preset4&#8243; box_shadow_horizontal=&#8221;1280px&#8221; box_shadow_vertical=&#8221;0px&#8221; box_shadow_spread=&#8221;400px&#8221; box_shadow_color=&#8221;gcid-68c6b9ad-55a2-4756-9f20-a801af585cf6&#8243; box_shadow_color_tablet=&#8221;RGBA(255,255,255,0)&#8221; box_shadow_color_phone=&#8221;RGBA(255,255,255,0)&#8221; box_shadow_color_last_edited=&#8221;on|tablet&#8221; global_colors_info=&#8221;{%22gcid-68c6b9ad-55a2-4756-9f20-a801af585cf6%22:%91%22box_shadow_color%22%93}&#8221;][et_pb_column type=&#8221;2_3&#8243; _builder_version=&#8221;4.19.2&#8243; _module_preset=&#8221;default&#8221; custom_padding=&#8221;20px||100px||false|false&#8221; custom_padding_tablet=&#8221;0px||0px||false|false&#8221; custom_padding_phone=&#8221;||0px||false|false&#8221; custom_padding_last_edited=&#8221;on|desktop&#8221; global_colors_info=&#8221;{}&#8221;][et_pb_text _builder_version=&#8221;4.20.2&#8243; _module_preset=&#8221;76aaa71f-246d-45b1-ae77-bb724b5821ad&#8221; inline_fonts=&#8221;Annie Use Your Telescope,Glass Antiqua&#8221; global_colors_info=&#8221;{}&#8221;][\/et_pb_text][et_pb_text _builder_version=&#8221;4.27.6&#8243; _module_preset=&#8221;default&#8221; custom_padding=&#8221;12px|||||&#8221; global_colors_info=&#8221;{}&#8221;]<\/p>\n<h1><span style=\"font-size: xx-large;\">Tuopit<\/span><\/h1>\n<p>[\/et_pb_text][\/et_pb_column][et_pb_column type=&#8221;1_3&#8243; _builder_version=&#8221;4.27.6&#8243; _module_preset=&#8221;default&#8221; background_image=&#8221;https:\/\/www.miekkalankaiverrus.fi\/wp-content\/uploads\/2026\/04\/IMG_20260414_173245.jpg&#8221; background_repeat=&#8221;repeat-x&#8221; border_width_all=&#8221;4px&#8221; border_color_all=&#8221;#FFFFFF&#8221; global_colors_info=&#8221;{}&#8221;][et_pb_divider show_divider=&#8221;off&#8221; _builder_version=&#8221;4.20.2&#8243; _module_preset=&#8221;default&#8221; height_tablet=&#8221;40vw&#8221; height_phone=&#8221;100vw&#8221; height_last_edited=&#8221;on|desktop&#8221; max_height=&#8221;641px&#8221; global_colors_info=&#8221;{}&#8221;][\/et_pb_divider][\/et_pb_column][\/et_pb_row][\/et_pb_section][et_pb_section fb_built=&#8221;1&#8243; admin_label=&#8221;Gallery&#8221; _builder_version=&#8221;4.20.2&#8243; _module_preset=&#8221;default&#8221; background_color=&#8221;gcid-fa957022-7f68-4c63-9382-2437a00591d9&#8243; background_image=&#8221;https:\/\/www.miekkalankaiverrus.fi\/wp-content\/uploads\/2023\/03\/tausta21-1.jpg&#8221; min_height=&#8221;363.4px&#8221; custom_margin=&#8221;23px|||||&#8221; custom_padding=&#8221;20px|||||&#8221; border_width_all=&#8221;4px&#8221; border_color_all=&#8221;#E09900&#8243; collapsed=&#8221;on&#8221; global_colors_info=&#8221;{%22gcid-fa957022-7f68-4c63-9382-2437a00591d9%22:%91%22background_color%22%93}&#8221;][et_pb_row column_structure=&#8221;1_3,1_3,1_3&#8243; _builder_version=&#8221;4.20.2&#8243; _module_preset=&#8221;default&#8221; global_colors_info=&#8221;{}&#8221;][et_pb_column type=&#8221;1_3&#8243; _builder_version=&#8221;4.19.2&#8243; _module_preset=&#8221;default&#8221; global_colors_info=&#8221;{}&#8221;][et_pb_image src=&#8221;https:\/\/www.miekkalankaiverrus.fi\/wp-content\/uploads\/2026\/04\/1776178154418-890&#215;1024.png&#8221; title_text=&#8221;Tuopin kaiverrus &#8221; align=&#8221;center&#8221; _builder_version=&#8221;4.27.6&#8243; _module_preset=&#8221;default&#8221; min_height=&#8221;256px&#8221; height=&#8221;100px&#8221; max_height=&#8221;126px&#8221; border_width_all=&#8221;4px&#8221; border_color_all=&#8221;#FFFFFF&#8221; global_colors_info=&#8221;{}&#8221;][\/et_pb_image][\/et_pb_column][et_pb_column type=&#8221;1_3&#8243; _builder_version=&#8221;4.19.2&#8243; _module_preset=&#8221;default&#8221; global_colors_info=&#8221;{}&#8221;][et_pb_image src=&#8221;https:\/\/www.miekkalankaiverrus.fi\/wp-content\/uploads\/2026\/04\/1776177904214-1024&#215;633.png&#8221; title_text=&#8221;Tuopin kaiverrus &#8221; align=&#8221;center&#8221; _builder_version=&#8221;4.27.6&#8243; _module_preset=&#8221;default&#8221; module_alignment=&#8221;center&#8221; max_height=&#8221;253px&#8221; border_width_all=&#8221;4px&#8221; border_color_all=&#8221;#FFFFFF&#8221; locked=&#8221;off&#8221; global_colors_info=&#8221;{}&#8221;][\/et_pb_image][\/et_pb_column][et_pb_column type=&#8221;1_3&#8243; _builder_version=&#8221;4.19.2&#8243; _module_preset=&#8221;default&#8221; global_colors_info=&#8221;{}&#8221;][et_pb_image src=&#8221;https:\/\/www.miekkalankaiverrus.fi\/wp-content\/uploads\/2026\/04\/1776177788868.png&#8221; title_text=&#8221;Tuopin kaiverrus Tapsan auto&#8221; align=&#8221;center&#8221; _builder_version=&#8221;4.27.6&#8243; _module_preset=&#8221;default&#8221; module_alignment=&#8221;center&#8221; max_height=&#8221;256px&#8221; border_width_all=&#8221;4px&#8221; border_color_all=&#8221;#FFFFFF&#8221; locked=&#8221;off&#8221; global_colors_info=&#8221;{}&#8221;][\/et_pb_image][\/et_pb_column][\/et_pb_row][\/et_pb_section][et_pb_section fb_built=&#8221;1&#8243; _builder_version=&#8221;4.20.2&#8243; _module_preset=&#8221;default&#8221; background_image=&#8221;https:\/\/www.miekkalankaiverrus.fi\/wp-content\/uploads\/2023\/03\/tausta21-1.jpg&#8221; width=&#8221;100%&#8221; module_alignment=&#8221;center&#8221; min_height=&#8221;337.9px&#8221; custom_margin=&#8221;10px||33px|||&#8221; custom_padding=&#8221;0px||72px|||&#8221; module_alignment_tablet=&#8221;center&#8221; module_alignment_phone=&#8221;center&#8221; module_alignment_last_edited=&#8221;on|phone&#8221; border_width_all=&#8221;4px&#8221; border_color_all=&#8221;#E09900&#8243; global_colors_info=&#8221;{}&#8221;][et_pb_row _builder_version=&#8221;4.20.2&#8243; _module_preset=&#8221;default&#8221; custom_margin=&#8221;|auto|-78px|auto||&#8221; global_colors_info=&#8221;{}&#8221;][et_pb_column type=&#8221;4_4&#8243; _builder_version=&#8221;4.20.2&#8243; _module_preset=&#8221;default&#8221; global_colors_info=&#8221;{}&#8221;][et_pb_text _builder_version=&#8221;4.27.6&#8243; _module_preset=&#8221;default&#8221; custom_padding=&#8221;12px|||||&#8221; global_colors_info=&#8221;{}&#8221;]<\/p>\n<h1><span style=\"font-size: xx-large;\">Kuvagalleria<\/span><\/h1>\n<p>[\/et_pb_text][et_pb_gallery gallery_ids=&#8221;1929,1651,1934,1935,1936,1937,1440,999,1652,1435,1425,1025,942,934,936,928,924,911,909,903,904,1938&#8243; fullwidth=&#8221;on&#8221; _builder_version=&#8221;4.27.6&#8243; _module_preset=&#8221;default&#8221; title_font=&#8221;Glass Antiqua||||||||&#8221; pagination_font=&#8221;Glass Antiqua|300|||||||&#8221; pagination_font_size=&#8221;10px&#8221; background_layout=&#8221;dark&#8221; width=&#8221;60%&#8221; width_tablet=&#8221;60%&#8221; width_phone=&#8221;100%&#8221; width_last_edited=&#8221;on|phone&#8221; module_alignment=&#8221;center&#8221; max_height=&#8221;1001px&#8221; border_width_all=&#8221;4px&#8221; border_color_all=&#8221;#FFFFFF&#8221; global_colors_info=&#8221;{}&#8221;][\/et_pb_gallery][\/et_pb_column][\/et_pb_row][\/et_pb_section][et_pb_section fb_built=&#8221;1&#8243; admin_label=&#8221;Gallery&#8221; _builder_version=&#8221;4.20.2&#8243; _module_preset=&#8221;default&#8221; background_color=&#8221;gcid-fa957022-7f68-4c63-9382-2437a00591d9&#8243; background_image=&#8221;https:\/\/www.miekkalankaiverrus.fi\/wp-content\/uploads\/2023\/03\/tausta21-1.jpg&#8221; min_height=&#8221;431.4px&#8221; custom_margin=&#8221;15px|||||&#8221; custom_padding=&#8221;20px|||||&#8221; border_width_all=&#8221;4px&#8221; border_color_all=&#8221;#E09900&#8243; collapsed=&#8221;on&#8221; global_colors_info=&#8221;{%22gcid-fa957022-7f68-4c63-9382-2437a00591d9%22:%91%22background_color%22%93}&#8221;][et_pb_row column_structure=&#8221;1_3,1_3,1_3&#8243; _builder_version=&#8221;4.20.2&#8243; _module_preset=&#8221;default&#8221; global_colors_info=&#8221;{}&#8221;][et_pb_column type=&#8221;1_3&#8243; _builder_version=&#8221;4.19.2&#8243; _module_preset=&#8221;default&#8221; global_colors_info=&#8221;{}&#8221;][et_pb_image src=&#8221;https:\/\/www.miekkalankaiverrus.fi\/wp-content\/uploads\/2026\/03\/IMG_20250522_210056.jpg&#8221; title_text=&#8221;Tuopin kaiverrus jalkapallo&#8221; align=&#8221;center&#8221; _builder_version=&#8221;4.27.6&#8243; _module_preset=&#8221;default&#8221; min_height=&#8221;256px&#8221; height=&#8221;100px&#8221; max_height=&#8221;126px&#8221; border_width_all=&#8221;4px&#8221; border_color_all=&#8221;#FFFFFF&#8221; global_colors_info=&#8221;{}&#8221;][\/et_pb_image][\/et_pb_column][et_pb_column type=&#8221;1_3&#8243; _builder_version=&#8221;4.19.2&#8243; _module_preset=&#8221;default&#8221; global_colors_info=&#8221;{}&#8221;][et_pb_image src=&#8221;https:\/\/www.miekkalankaiverrus.fi\/wp-content\/uploads\/2026\/03\/IMG_20260127_155019.jpg&#8221; title_text=&#8221;Monster&#8221; align=&#8221;center&#8221; _builder_version=&#8221;4.27.6&#8243; _module_preset=&#8221;default&#8221; module_alignment=&#8221;center&#8221; max_height=&#8221;253px&#8221; border_width_all=&#8221;4px&#8221; border_color_all=&#8221;#FFFFFF&#8221; locked=&#8221;off&#8221; global_colors_info=&#8221;{}&#8221;][\/et_pb_image][\/et_pb_column][et_pb_column type=&#8221;1_3&#8243; _builder_version=&#8221;4.19.2&#8243; _module_preset=&#8221;default&#8221; global_colors_info=&#8221;{}&#8221;][et_pb_image src=&#8221;https:\/\/www.miekkalankaiverrus.fi\/wp-content\/uploads\/2026\/03\/IMG_20250702_211144-1024&#215;808.jpg&#8221; title_text=&#8221;Tuopin kaiverrus traktori&#8221; align=&#8221;center&#8221; _builder_version=&#8221;4.27.6&#8243; _module_preset=&#8221;default&#8221; module_alignment=&#8221;center&#8221; max_height=&#8221;256px&#8221; border_width_all=&#8221;4px&#8221; border_color_all=&#8221;#FFFFFF&#8221; locked=&#8221;off&#8221; global_colors_info=&#8221;{}&#8221;][\/et_pb_image][\/et_pb_column][\/et_pb_row][\/et_pb_section][et_pb_section fb_built=&#8221;1&#8243; fullwidth=&#8221;on&#8221; _builder_version=&#8221;4.27.6&#8243; _module_preset=&#8221;default&#8221; background_color=&#8221;#EAEAEA&#8221; global_colors_info=&#8221;{}&#8221;][et_pb_fullwidth_slider arrows_custom_color=&#8221;#000000&#8243; dot_nav_custom_color=&#8221;#000000&#8243; _builder_version=&#8221;4.27.6&#8243; _module_preset=&#8221;default&#8221; header_text_color=&#8221;#000000&#8243; body_font=&#8221;&#8211;et_global_heading_font||||||||&#8221; body_text_color=&#8221;#000000&#8243; background_color=&#8221;#e0d8c7&#8243; border_color_all=&#8221;#000000&#8243; border_color_all_image=&#8221;#EAEAEA&#8221; global_colors_info=&#8221;{}&#8221;][et_pb_slide heading=&#8221;Muut kaiverrukset&#8221; button_text=&#8221;Tutustu&#8221; image=&#8221;https:\/\/www.miekkalankaiverrus.fi\/wp-content\/uploads\/2023\/08\/IMG_20230829_102433-1.jpg&#8221; _builder_version=&#8221;4.27.6&#8243; _module_preset=&#8221;default&#8221; header_font=&#8221;|&#8211;et_global_heading_font_weight|||||||&#8221; body_font=&#8221;&#8211;et_global_heading_font||||||||&#8221; background_layout=&#8221;light&#8221; global_colors_info=&#8221;{}&#8221; sticky_transition=&#8221;on&#8221;]<\/p>\n<p>Kaiverruksia monenlaisiin tuotteisiin, kummilahjoista palkintojen kylkeen.<\/p>\n<p>[\/et_pb_slide][et_pb_slide heading=&#8221;Polttokaiverrus&#8221; button_text=&#8221;Tutustu&#8221; image=&#8221;https:\/\/www.miekkalankaiverrus.fi\/wp-content\/uploads\/2026\/03\/IMG_20260310_121753-scaled.jpg&#8221; _builder_version=&#8221;4.27.6&#8243; _module_preset=&#8221;default&#8221; body_font=&#8221;&#8211;et_global_heading_font||||||||&#8221; border_color_all_image=&#8221;#000000&#8243; global_colors_info=&#8221;{}&#8221; sticky_transition=&#8221;on&#8221;]<\/p>\n<p>K\u00e4sintehdyt, uniikit polttokaiverrukset<\/p>\n<p>[\/et_pb_slide][et_pb_slide heading=&#8221;Lasikaiverrukset&#8221; button_text=&#8221;Tutustu&#8221; image=&#8221;https:\/\/www.miekkalankaiverrus.fi\/wp-content\/uploads\/2026\/03\/IMG_20250504_140440.jpg&#8221; _builder_version=&#8221;4.27.6&#8243; _module_preset=&#8221;default&#8221; global_colors_info=&#8221;{}&#8221; sticky_transition=&#8221;on&#8221;]<\/p>\n<p>Lasikaiverruksia el\u00e4m\u00e4n t\u00e4rkeisiin hetkiin<\/p>\n<p>[\/et_pb_slide][\/et_pb_fullwidth_slider][\/et_pb_section][et_pb_section fb_built=&#8221;1&#8243; admin_label=&#8221;Call to Action&#8221; _builder_version=&#8221;4.19.2&#8243; _module_preset=&#8221;default&#8221; custom_padding=&#8221;15px||0vw||false|false&#8221; saved_tabs=&#8221;all&#8221; collapsed=&#8221;on&#8221; global_colors_info=&#8221;{}&#8221;][et_pb_row column_structure=&#8221;2_5,3_5&#8243; make_equal=&#8221;on&#8221; _builder_version=&#8221;4.19.2&#8243; _module_preset=&#8221;default&#8221; background_color=&#8221;gcid-fa957022-7f68-4c63-9382-2437a00591d9&#8243; custom_padding=&#8221;12px||12px||true|false&#8221; box_shadow_style=&#8221;preset4&#8243; box_shadow_horizontal=&#8221;30vw&#8221; box_shadow_vertical=&#8221;0px&#8221; box_shadow_color=&#8221;gcid-fa957022-7f68-4c63-9382-2437a00591d9&#8243; box_shadow_color_tablet=&#8221;RGBA(255,255,255,0)&#8221; box_shadow_color_phone=&#8221;&#8221; box_shadow_color_last_edited=&#8221;on|tablet&#8221; global_colors_info=&#8221;{%22gcid-fa957022-7f68-4c63-9382-2437a00591d9%22:%91%22background_color%22,%22box_shadow_color%22%93}&#8221;][et_pb_column type=&#8221;2_5&#8243; _builder_version=&#8221;4.19.2&#8243; _module_preset=&#8221;default&#8221; use_background_color_gradient=&#8221;on&#8221; background_color_gradient_direction=&#8221;90deg&#8221; background_color_gradient_stops=&#8221;#ffffff 70%|gcid-fa957022-7f68-4c63-9382-2437a00591d9 70%&#8221; global_colors_info=&#8221;{%22gcid-fa957022-7f68-4c63-9382-2437a00591d9%22:%91%22background_color_gradient_stops%22%93}&#8221;][\/et_pb_column][et_pb_column type=&#8221;3_5&#8243; _builder_version=&#8221;4.19.2&#8243; _module_preset=&#8221;default&#8221; custom_padding=&#8221;4vw|||8vw|false|false&#8221; custom_padding_tablet=&#8221;0vw|30px|30px|30px|false|true&#8221; custom_padding_phone=&#8221;|20px|20px|20px|false|true&#8221; custom_padding_last_edited=&#8221;on|desktop&#8221; global_colors_info=&#8221;{}&#8221;][et_pb_text _builder_version=&#8221;4.27.6&#8243; _module_preset=&#8221;default&#8221; custom_padding=&#8221;12px|||||&#8221; global_colors_info=&#8221;{}&#8221;]<\/p>\n<h1><span style=\"font-size: xx-large;\">Miten tilaan<\/span><\/h1>\n<p>[\/et_pb_text][et_pb_text _builder_version=&#8221;4.20.2&#8243; _module_preset=&#8221;38cc830a-c833-4e23-a2f5-be8a0961c39a&#8221; custom_padding=&#8221;8px||0px|||&#8221; inline_fonts=&#8221;Glass Antiqua&#8221; global_colors_info=&#8221;{}&#8221;]<\/p>\n<h4><span style=\"font-family: 'Glass Antiqua'; font-weight: normal; font-size: large;\">Laita minulle viesti\u00e4. Voit laittaa viesti\u00e4 messengerill\u00e4 tai s\u00e4hk\u00f6postilla.<\/span><br \/><span style=\"font-family: 'Glass Antiqua'; font-weight: normal; font-size: large;\"><a href=\"mailto:susanna.miekkala@gmail.com\">susanna.miekkala@gmail.com<\/a> <\/span><\/h4>\n<h4><span style=\"font-family: 'Glass Antiqua'; font-weight: normal; font-size: large;\">Kotisivujen etusivulta l\u00f6ytyy my\u00f6s yhteydenottolomake.<\/span><\/h4>\n<p>[\/et_pb_text][\/et_pb_column][\/et_pb_row][\/et_pb_section]<\/p>\n","protected":false},"excerpt":{"rendered":"<p>TuopitKuvagalleriaKaiverruksia monenlaisiin tuotteisiin, kummilahjoista palkintojen kylkeen.K\u00e4sintehdyt, uniikit polttokaiverruksetLasikaiverruksia el\u00e4m\u00e4n t\u00e4rkeisiin hetkiinMiten tilaanLaita minulle viesti\u00e4. Voit laittaa viesti\u00e4 messengerill\u00e4 tai s\u00e4hk\u00f6postilla.susanna.miekkala@gmail.com Kotisivujen etusivulta l\u00f6ytyy my\u00f6s yhteydenottolomake.<\/p>\n","protected":false},"author":1,"featured_media":0,"parent":0,"menu_order":0,"comment_status":"closed","ping_status":"closed","template":"","meta":{"_et_pb_use_builder":"on","_et_pb_old_content":"","_et_gb_content_width":"","footnotes":""},"class_list":["post-984","page","type-page","status-publish","hentry"],"_links":{"self":[{"href":"https:\/\/www.miekkalankaiverrus.fi\/index.php\/wp-json\/wp\/v2\/pages\/984","targetHints":{"allow":["GET"]}}],"collection":[{"href":"https:\/\/www.miekkalankaiverrus.fi\/index.php\/wp-json\/wp\/v2\/pages"}],"about":[{"href":"https:\/\/www.miekkalankaiverrus.fi\/index.php\/wp-json\/wp\/v2\/types\/page"}],"author":[{"embeddable":true,"href":"https:\/\/www.miekkalankaiverrus.fi\/index.php\/wp-json\/wp\/v2\/users\/1"}],"replies":[{"embeddable":true,"href":"https:\/\/www.miekkalankaiverrus.fi\/index.php\/wp-json\/wp\/v2\/comments?post=984"}],"version-history":[{"count":15,"href":"https:\/\/www.miekkalankaiverrus.fi\/index.php\/wp-json\/wp\/v2\/pages\/984\/revisions"}],"predecessor-version":[{"id":1971,"href":"https:\/\/www.miekkalankaiverrus.fi\/index.php\/wp-json\/wp\/v2\/pages\/984\/revisions\/1971"}],"wp:attachment":[{"href":"https:\/\/www.miekkalankaiverrus.fi\/index.php\/wp-json\/wp\/v2\/media?parent=984"}],"curies":[{"name":"wp","href":"https:\/\/api.w.org\/{rel}","templated":true}]}}